{"id":15032,"date":"2020-11-04T15:28:12","date_gmt":"2020-11-04T13:28:12","guid":{"rendered":"https:\/\/greenstyle-muc.com\/swim-underwear\/"},"modified":"2020-11-04T15:28:14","modified_gmt":"2020-11-04T13:28:14","slug":"swim-underwear","status":"publish","type":"page","link":"https:\/\/greenstyle-muc.com\/en\/swim-underwear\/","title":{"rendered":"Swim- &#038; Underwear"},"content":{"rendered":"\t\t<div data-elementor-type=\"wp-page\" data-elementor-id=\"15032\" class=\"elementor elementor-15032 elementor-14740\" data-elementor-post-type=\"page\">\n\t\t\t\t\t\t<section class=\"elementor-section elementor-top-section elementor-element elementor-element-ebe52a2 elementor-section-boxed elementor-section-height-default elementor-section-height-default\" data-id=\"ebe52a2\" data-element_type=\"section\" data-settings=\"{&quot;jet_parallax_layout_list&quot;:[{&quot;jet_parallax_layout_image&quot;:{&quot;url&quot;:&quot;&quot;,&quot;id&quot;:&quot;&quot;,&quot;size&quot;:&quot;&quot;},&quot;_id&quot;:&quot;4a651e1&quot;,&quot;jet_parallax_layout_image_tablet&quot;:{&quot;url&quot;:&quot;&quot;,&quot;id&quot;:&quot;&quot;,&quot;size&quot;:&quot;&quot;},&quot;jet_parallax_layout_image_mobile&quot;:{&quot;url&quot;:&quot;&quot;,&quot;id&quot;:&quot;&quot;,&quot;size&quot;:&quot;&quot;},&quot;jet_parallax_layout_speed&quot;:{&quot;unit&quot;:&quot;%&quot;,&quot;size&quot;:50,&quot;sizes&quot;:[]},&quot;jet_parallax_layout_type&quot;:&quot;scroll&quot;,&quot;jet_parallax_layout_direction&quot;:null,&quot;jet_parallax_layout_fx_direction&quot;:null,&quot;jet_parallax_layout_z_index&quot;:&quot;&quot;,&quot;jet_parallax_layout_bg_x&quot;:50,&quot;jet_parallax_layout_bg_x_tablet&quot;:&quot;&quot;,&quot;jet_parallax_layout_bg_x_mobile&quot;:&quot;&quot;,&quot;jet_parallax_layout_bg_y&quot;:50,&quot;jet_parallax_layout_bg_y_tablet&quot;:&quot;&quot;,&quot;jet_parallax_layout_bg_y_mobile&quot;:&quot;&quot;,&quot;jet_parallax_layout_bg_size&quot;:&quot;auto&quot;,&quot;jet_parallax_layout_bg_size_tablet&quot;:&quot;&quot;,&quot;jet_parallax_layout_bg_size_mobile&quot;:&quot;&quot;,&quot;jet_parallax_layout_animation_prop&quot;:&quot;transform&quot;,&quot;jet_parallax_layout_on&quot;:[&quot;desktop&quot;,&quot;tablet&quot;]}]}\">\n\t\t\t\t\t\t<div class=\"elementor-container elementor-column-gap-default\">\n\t\t\t\t\t<div class=\"elementor-column elementor-col-100 elementor-top-column elementor-element elementor-element-7aff1a3\" data-id=\"7aff1a3\" data-element_type=\"column\">\n\t\t\t<div class=\"elementor-widget-wrap elementor-element-populated\">\n\t\t\t\t\t\t<div class=\"elementor-element elementor-element-737c073 elementor-widget elementor-widget-spacer\" data-id=\"737c073\" data-element_type=\"widget\" data-widget_type=\"spacer.default\">\n\t\t\t\t<div class=\"elementor-widget-container\">\n\t\t\t\t\t<div class=\"elementor-spacer\">\n\t\t\t<div class=\"elementor-spacer-inner\"><\/div>\n\t\t<\/div>\n\t\t\t\t<\/div>\n\t\t\t\t<\/div>\n\t\t\t\t<div class=\"elementor-element elementor-element-d5e115e elementor-align-left elementor-widget elementor-widget-raven-heading\" data-id=\"d5e115e\" data-element_type=\"widget\" data-settings=\"{&quot;motion_fx_motion_fx_scrolling&quot;:&quot;yes&quot;,&quot;motion_fx_scale_effect&quot;:&quot;yes&quot;,&quot;motion_fx_scale_range&quot;:{&quot;unit&quot;:&quot;%&quot;,&quot;size&quot;:&quot;&quot;,&quot;sizes&quot;:{&quot;start&quot;:0,&quot;end&quot;:56}},&quot;motion_fx_scale_direction&quot;:&quot;out-in&quot;,&quot;motion_fx_scale_speed&quot;:{&quot;unit&quot;:&quot;px&quot;,&quot;size&quot;:4,&quot;sizes&quot;:[]},&quot;motion_fx_devices&quot;:[&quot;desktop&quot;,&quot;tablet&quot;,&quot;mobile&quot;]}\" data-widget_type=\"raven-heading.default\">\n\t\t\t\t<div class=\"elementor-widget-container\">\n\t\t\t\t\t<div class=\"raven-widget-wrapper\"><h1 class=\"raven-heading raven-heading-h1 raven-heading-norman-single\"><span class=\"raven-heading-title \">Swim- & Underwear<\/span><\/h1><\/div>\n\t\t\t\t<\/div>\n\t\t\t\t<\/div>\n\t\t\t\t\t<\/div>\n\t\t<\/div>\n\t\t\t\t\t<\/div>\n\t\t<\/section>\n\t\t\t\t<section class=\"elementor-section elementor-top-section elementor-element elementor-element-000b56d elementor-section-boxed elementor-section-height-default elementor-section-height-default\" data-id=\"000b56d\" data-element_type=\"section\" data-settings=\"{&quot;jet_parallax_layout_list&quot;:[{&quot;jet_parallax_layout_image&quot;:{&quot;url&quot;:&quot;&quot;,&quot;id&quot;:&quot;&quot;,&quot;size&quot;:&quot;&quot;},&quot;_id&quot;:&quot;33fee7f&quot;,&quot;jet_parallax_layout_image_tablet&quot;:{&quot;url&quot;:&quot;&quot;,&quot;id&quot;:&quot;&quot;,&quot;size&quot;:&quot;&quot;},&quot;jet_parallax_layout_image_mobile&quot;:{&quot;url&quot;:&quot;&quot;,&quot;id&quot;:&quot;&quot;,&quot;size&quot;:&quot;&quot;},&quot;jet_parallax_layout_speed&quot;:{&quot;unit&quot;:&quot;%&quot;,&quot;size&quot;:50,&quot;sizes&quot;:[]},&quot;jet_parallax_layout_type&quot;:&quot;scroll&quot;,&quot;jet_parallax_layout_direction&quot;:null,&quot;jet_parallax_layout_fx_direction&quot;:null,&quot;jet_parallax_layout_z_index&quot;:&quot;&quot;,&quot;jet_parallax_layout_bg_x&quot;:50,&quot;jet_parallax_layout_bg_x_tablet&quot;:&quot;&quot;,&quot;jet_parallax_layout_bg_x_mobile&quot;:&quot;&quot;,&quot;jet_parallax_layout_bg_y&quot;:50,&quot;jet_parallax_layout_bg_y_tablet&quot;:&quot;&quot;,&quot;jet_parallax_layout_bg_y_mobile&quot;:&quot;&quot;,&quot;jet_parallax_layout_bg_size&quot;:&quot;auto&quot;,&quot;jet_parallax_layout_bg_size_tablet&quot;:&quot;&quot;,&quot;jet_parallax_layout_bg_size_mobile&quot;:&quot;&quot;,&quot;jet_parallax_layout_animation_prop&quot;:&quot;transform&quot;,&quot;jet_parallax_layout_on&quot;:[&quot;desktop&quot;,&quot;tablet&quot;]}]}\">\n\t\t\t\t\t\t<div class=\"elementor-container elementor-column-gap-default\">\n\t\t\t\t\t<div class=\"elementor-column elementor-col-100 elementor-top-column elementor-element elementor-element-5f862db\" data-id=\"5f862db\" data-element_type=\"column\">\n\t\t\t<div class=\"elementor-widget-wrap elementor-element-populated\">\n\t\t\t\t\t\t<div class=\"elementor-element elementor-element-98a7964 uael-post__link-complete-yes elementor-widget elementor-widget-uael-posts\" data-id=\"98a7964\" data-element_type=\"widget\" data-settings=\"{&quot;card_slides_to_show&quot;:3,&quot;card_slides_to_show_tablet&quot;:2,&quot;card_slides_to_show_mobile&quot;:1}\" data-widget_type=\"uael-posts.card\">\n\t\t\t\t<div class=\"elementor-widget-container\">\n\t\t\t\t\t<div class=\"uael-post__header\">\n\t\t\t\t\t<\/div>\n\t\t<div class=\"uael-post__body\">\n\t\t\t\n\t\t\n\t\t<div class=\"uael-post-grid uael-posts\" data-query-type=\"custom\" data-structure=\"normal\" data-layout=\"\" data-page=\"15032\" data-skin=\"card\" data-filter-default=\"\" data-offset-top=\"30\" >\n\n\t\t\t\t\t\t\t<div class=\"uael-post-grid__inner uael-post__columns-3 uael-post__columns-tablet-2 uael-post__columns-mobile-1\">\n\t\t\t\n<div class=\"uael-post-wrapper   a aussteller \">\n\t<div class=\"uael-post__bg-wrap\">\n\n\t\t\t\t\t<a href=\"https:\/\/greenstyle-muc.com\/en\/anek\/\" target=\"_self\" class=\"uael-post__complete-box-overlay\" aria-label=\"Link Complete Box\"><\/a>\n\t\t\t\t\n\t\t<div class=\"uael-post__inner-wrap \">\n\n\t\t\t\t<div class=\"uael-post__thumbnail\">\n\t\t\t\n\t\t\t<a href=\"https:\/\/greenstyle-muc.com\/en\/anek\/\" target=\"_self\" title=\"Anekdot\"><img decoding=\"async\" src=\"https:\/\/greenstyle-muc.com\/wp-content\/uploads\/elementor\/thumbs\/Header-4-oo2pmwo1zk96jw1pim9as5oh87djx5h5iiu9broj44.jpg\" title=\"Anekdot\" alt=\"Anekdot\" loading=\"lazy\" \/><\/a>\n\t\t\t\t\t<\/div>\n\t\t\n\t\t\t\n\t\t\t<div class=\"uael-post__content-wrap\">\n\n\t\t\t\t\t<h4 class=\"uael-post__title\">\n\n\t\t\n\t\t\t\t\t\t<a href=\"https:\/\/greenstyle-muc.com\/en\/anek\/\" target=\"_self\">\n\t\t\t\tAnekdot\t\t\t<\/a>\n\n\t\t\t\t<\/h4>\n\t\t<div class=\"uael-post__separator\"><\/div>\t\t\t<\/div>\n\t\t\t\n\t\t<\/div>\n\t\t\n\t<\/div>\n\n<\/div>\n\n<div class=\"uael-post-wrapper   aussteller biolife-2020 biolife-21 biolife-22 c july-21 october-21 pop-up-august-21 pop-up-may pop-up-september salzburg-23 \">\n\t<div class=\"uael-post__bg-wrap\">\n\n\t\t\t\t\t<a href=\"https:\/\/greenstyle-muc.com\/en\/cora-happywear\/\" target=\"_self\" class=\"uael-post__complete-box-overlay\" aria-label=\"Link Complete Box\"><\/a>\n\t\t\t\t\n\t\t<div class=\"uael-post__inner-wrap \">\n\n\t\t\t\t<div class=\"uael-post__thumbnail\">\n\t\t\t\n\t\t\t<a href=\"https:\/\/greenstyle-muc.com\/en\/cora-happywear\/\" target=\"_self\" title=\"CORA happywear &#8211; by mothers for mothers &#038; children\"><img decoding=\"async\" src=\"https:\/\/greenstyle-muc.com\/wp-content\/uploads\/elementor\/thumbs\/Beitrag-1-oxcknieascuw9hipbx2l4pdxu41f8vcysh1sq9wn2c.jpg\" title=\"Beitrag###\" alt=\"Cora Happywear\" loading=\"lazy\" \/><\/a>\n\t\t\t\t\t<\/div>\n\t\t\n\t\t\t\n\t\t\t<div class=\"uael-post__content-wrap\">\n\n\t\t\t\t\t<h4 class=\"uael-post__title\">\n\n\t\t\n\t\t\t\t\t\t<a href=\"https:\/\/greenstyle-muc.com\/en\/cora-happywear\/\" target=\"_self\">\n\t\t\t\tCORA happywear &#8211; by mothers for mothers &#038; children\t\t\t<\/a>\n\n\t\t\t\t<\/h4>\n\t\t<div class=\"uael-post__separator\"><\/div>\t\t\t<\/div>\n\t\t\t\n\t\t<\/div>\n\t\t\n\t<\/div>\n\n<\/div>\n\n<div class=\"uael-post-wrapper   aussteller brands h \">\n\t<div class=\"uael-post__bg-wrap\">\n\n\t\t\t\t\t<a href=\"https:\/\/greenstyle-muc.com\/en\/hacoy-making-individuals-feel-comfortable\/\" target=\"_self\" class=\"uael-post__complete-box-overlay\" aria-label=\"Link Complete Box\"><\/a>\n\t\t\t\t\n\t\t<div class=\"uael-post__inner-wrap \">\n\n\t\t\t\t<div class=\"uael-post__thumbnail\">\n\t\t\t\n\t\t\t<a href=\"https:\/\/greenstyle-muc.com\/en\/hacoy-making-individuals-feel-comfortable\/\" target=\"_self\" title=\"HACOY \u2013 making individuals feel comfortable\"><img decoding=\"async\" src=\"https:\/\/greenstyle-muc.com\/wp-content\/uploads\/elementor\/thumbs\/Beitrag-3-qbpub5r43pqnlrq29ystszlhc4lsba6uv0c64hxltw.jpg\" title=\"Beitrag#\" alt=\"Hacoy\" loading=\"lazy\" \/><\/a>\n\t\t\t\t\t<\/div>\n\t\t\n\t\t\t\n\t\t\t<div class=\"uael-post__content-wrap\">\n\n\t\t\t\t\t<h4 class=\"uael-post__title\">\n\n\t\t\n\t\t\t\t\t\t<a href=\"https:\/\/greenstyle-muc.com\/en\/hacoy-making-individuals-feel-comfortable\/\" target=\"_self\">\n\t\t\t\tHACOY \u2013 making individuals feel comfortable\t\t\t<\/a>\n\n\t\t\t\t<\/h4>\n\t\t<div class=\"uael-post__separator\"><\/div>\t\t\t<\/div>\n\t\t\t\n\t\t<\/div>\n\t\t\n\t<\/div>\n\n<\/div>\n\n<div class=\"uael-post-wrapper   ehemalige-brands frankfurt-22-summer l \">\n\t<div class=\"uael-post__bg-wrap\">\n\n\t\t\t\t\t<a href=\"https:\/\/greenstyle-muc.com\/en\/lanius\/\" target=\"_self\" class=\"uael-post__complete-box-overlay\" aria-label=\"Link Complete Box\"><\/a>\n\t\t\t\t\n\t\t<div class=\"uael-post__inner-wrap \">\n\n\t\t\t\t<div class=\"uael-post__thumbnail\">\n\t\t\t\n\t\t\t<a href=\"https:\/\/greenstyle-muc.com\/en\/lanius\/\" target=\"_self\" title=\"LANIUS\"><img decoding=\"async\" src=\"https:\/\/greenstyle-muc.com\/wp-content\/uploads\/elementor\/thumbs\/Beitrag-1-pn4dhxpb0rgmda8l6l2iz2q647iwa7sraibgd8bv0k.jpg\" title=\"Beitrag\" alt=\"Lanius\" loading=\"lazy\" \/><\/a>\n\t\t\t\t\t<\/div>\n\t\t\n\t\t\t\n\t\t\t<div class=\"uael-post__content-wrap\">\n\n\t\t\t\t\t<h4 class=\"uael-post__title\">\n\n\t\t\n\t\t\t\t\t\t<a href=\"https:\/\/greenstyle-muc.com\/en\/lanius\/\" target=\"_self\">\n\t\t\t\tLANIUS\t\t\t<\/a>\n\n\t\t\t\t<\/h4>\n\t\t<div class=\"uael-post__separator\"><\/div>\t\t\t<\/div>\n\t\t\t\n\t\t<\/div>\n\t\t\n\t<\/div>\n\n<\/div>\n\n<div class=\"uael-post-wrapper   aussteller biolife-21 brands frankfurt-21 l salzburg-23 \">\n\t<div class=\"uael-post__bg-wrap\">\n\n\t\t\t\t\t<a href=\"https:\/\/greenstyle-muc.com\/en\/lounge-cherie-wohlfuehlmode-mit-stil\/\" target=\"_self\" class=\"uael-post__complete-box-overlay\" aria-label=\"Link Complete Box\"><\/a>\n\t\t\t\t\n\t\t<div class=\"uael-post__inner-wrap \">\n\n\t\t\t\t<div class=\"uael-post__thumbnail\">\n\t\t\t\n\t\t\t<a href=\"https:\/\/greenstyle-muc.com\/en\/lounge-cherie-wohlfuehlmode-mit-stil\/\" target=\"_self\" title=\"Lounge Cherie &#8211; feel-good fashion with style\"><img decoding=\"async\" src=\"https:\/\/greenstyle-muc.com\/wp-content\/uploads\/elementor\/thumbs\/Beitrag-1-p0wwfpx3fhqfqnr8uaam9ecjy4bwi9aulhaay54x50.jpg\" title=\"Beitrag\" alt=\"Lounge Cherie\" loading=\"lazy\" \/><\/a>\n\t\t\t\t\t<\/div>\n\t\t\n\t\t\t\n\t\t\t<div class=\"uael-post__content-wrap\">\n\n\t\t\t\t\t<h4 class=\"uael-post__title\">\n\n\t\t\n\t\t\t\t\t\t<a href=\"https:\/\/greenstyle-muc.com\/en\/lounge-cherie-wohlfuehlmode-mit-stil\/\" target=\"_self\">\n\t\t\t\tLounge Cherie &#8211; feel-good fashion with style\t\t\t<\/a>\n\n\t\t\t\t<\/h4>\n\t\t<div class=\"uael-post__separator\"><\/div>\t\t\t<\/div>\n\t\t\t\n\t\t<\/div>\n\t\t\n\t<\/div>\n\n<\/div>\n\n<div class=\"uael-post-wrapper   21-december 21-november 22-january aussteller brands frankfurt-22-summer july-21 n october-21 pop-up-august-21 pop-up-september \">\n\t<div class=\"uael-post__bg-wrap\">\n\n\t\t\t\t\t<a href=\"https:\/\/greenstyle-muc.com\/en\/nikin-treewear-for-a-greener-planet\/\" target=\"_self\" class=\"uael-post__complete-box-overlay\" aria-label=\"Link Complete Box\"><\/a>\n\t\t\t\t\n\t\t<div class=\"uael-post__inner-wrap \">\n\n\t\t\t\t<div class=\"uael-post__thumbnail\">\n\t\t\t\n\t\t\t<a href=\"https:\/\/greenstyle-muc.com\/en\/nikin-treewear-for-a-greener-planet\/\" target=\"_self\" title=\"NIKIN \u2013 TreeWear for a greener planet\"><img decoding=\"async\" src=\"https:\/\/greenstyle-muc.com\/wp-content\/uploads\/elementor\/thumbs\/Beitrag-8-p3j6f85ghrqrnfe9za1dtbdxzvdnqacoxos8kwfm4k.jpg\" title=\"Beitrag\" alt=\"NIKIN\" loading=\"lazy\" \/><\/a>\n\t\t\t\t\t<\/div>\n\t\t\n\t\t\t\n\t\t\t<div class=\"uael-post__content-wrap\">\n\n\t\t\t\t\t<h4 class=\"uael-post__title\">\n\n\t\t\n\t\t\t\t\t\t<a href=\"https:\/\/greenstyle-muc.com\/en\/nikin-treewear-for-a-greener-planet\/\" target=\"_self\">\n\t\t\t\tNIKIN \u2013 TreeWear for a greener planet\t\t\t<\/a>\n\n\t\t\t\t<\/h4>\n\t\t<div class=\"uael-post__separator\"><\/div>\t\t\t<\/div>\n\t\t\t\n\t\t<\/div>\n\t\t\n\t<\/div>\n\n<\/div>\n\n<div class=\"uael-post-wrapper   aussteller brands frankfurt-22-summer heim+handwerk-22 o \">\n\t<div class=\"uael-post__bg-wrap\">\n\n\t\t\t\t\t<a href=\"https:\/\/greenstyle-muc.com\/en\/oscalito\/\" target=\"_self\" class=\"uael-post__complete-box-overlay\" aria-label=\"Link Complete Box\"><\/a>\n\t\t\t\t\n\t\t<div class=\"uael-post__inner-wrap \">\n\n\t\t\t\t<div class=\"uael-post__thumbnail\">\n\t\t\t\n\t\t\t<a href=\"https:\/\/greenstyle-muc.com\/en\/oscalito\/\" target=\"_self\" title=\"Oscalito \u2013 High-end lingerie made in Italy\"><img decoding=\"async\" src=\"https:\/\/greenstyle-muc.com\/wp-content\/uploads\/elementor\/thumbs\/Beitrag-ppofqm90q1j0wlwsx5cdnxp59ai3dsvilgdcla85vo.jpg\" title=\"Beitrag\" alt=\"Oscalito\" loading=\"lazy\" \/><\/a>\n\t\t\t\t\t<\/div>\n\t\t\n\t\t\t\n\t\t\t<div class=\"uael-post__content-wrap\">\n\n\t\t\t\t\t<h4 class=\"uael-post__title\">\n\n\t\t\n\t\t\t\t\t\t<a href=\"https:\/\/greenstyle-muc.com\/en\/oscalito\/\" target=\"_self\">\n\t\t\t\tOscalito \u2013 High-end lingerie made in Italy\t\t\t<\/a>\n\n\t\t\t\t<\/h4>\n\t\t<div class=\"uael-post__separator\"><\/div>\t\t\t<\/div>\n\t\t\t\n\t\t<\/div>\n\t\t\n\t<\/div>\n\n<\/div>\n\n<div class=\"uael-post-wrapper   aussteller heim+handwerk-22 s \">\n\t<div class=\"uael-post__bg-wrap\">\n\n\t\t\t\t\t<a href=\"https:\/\/greenstyle-muc.com\/en\/sustyle-sustainable-und-stylische-taschen\/\" target=\"_self\" class=\"uael-post__complete-box-overlay\" aria-label=\"Link Complete Box\"><\/a>\n\t\t\t\t\n\t\t<div class=\"uael-post__inner-wrap \">\n\n\t\t\t\t<div class=\"uael-post__thumbnail\">\n\t\t\t\n\t\t\t<a href=\"https:\/\/greenstyle-muc.com\/en\/sustyle-sustainable-und-stylische-taschen\/\" target=\"_self\" title=\"SUSTYLE \u2013 sustainable and stylish bags\"><img decoding=\"async\" src=\"https:\/\/greenstyle-muc.com\/wp-content\/uploads\/elementor\/thumbs\/Beitrag-pxuua45ottadtcvsiniqf95bppgazwzq6895cry5z8.jpg\" title=\"Beitrag\" alt=\"SUSTYLE\" loading=\"lazy\" \/><\/a>\n\t\t\t\t\t<\/div>\n\t\t\n\t\t\t\n\t\t\t<div class=\"uael-post__content-wrap\">\n\n\t\t\t\t\t<h4 class=\"uael-post__title\">\n\n\t\t\n\t\t\t\t\t\t<a href=\"https:\/\/greenstyle-muc.com\/en\/sustyle-sustainable-und-stylische-taschen\/\" target=\"_self\">\n\t\t\t\tSUSTYLE \u2013 sustainable and stylish bags\t\t\t<\/a>\n\n\t\t\t\t<\/h4>\n\t\t<div class=\"uael-post__separator\"><\/div>\t\t\t<\/div>\n\t\t\t\n\t\t<\/div>\n\t\t\n\t<\/div>\n\n<\/div>\n\n<div class=\"uael-post-wrapper   aussteller v \">\n\t<div class=\"uael-post__bg-wrap\">\n\n\t\t\t\t\t<a href=\"https:\/\/greenstyle-muc.com\/en\/vatter\/\" target=\"_self\" class=\"uael-post__complete-box-overlay\" aria-label=\"Link Complete Box\"><\/a>\n\t\t\t\t\n\t\t<div class=\"uael-post__inner-wrap \">\n\n\t\t\t\t<div class=\"uael-post__thumbnail\">\n\t\t\t\n\t\t\t<a href=\"https:\/\/greenstyle-muc.com\/en\/vatter\/\" target=\"_self\" title=\"VATTER\"><img decoding=\"async\" src=\"https:\/\/greenstyle-muc.com\/wp-content\/uploads\/elementor\/thumbs\/Vatter-oo2piyqfbkuvurrvjewmtnhvj0t4muton0bxuziz7o.jpg\" title=\"\u00a9Vatter\" alt=\"\u00a9 Vatter\" loading=\"lazy\" \/><\/a>\n\t\t\t\t\t<\/div>\n\t\t\n\t\t\t\n\t\t\t<div class=\"uael-post__content-wrap\">\n\n\t\t\t\t\t<h4 class=\"uael-post__title\">\n\n\t\t\n\t\t\t\t\t\t<a href=\"https:\/\/greenstyle-muc.com\/en\/vatter\/\" target=\"_self\">\n\t\t\t\tVATTER\t\t\t<\/a>\n\n\t\t\t\t<\/h4>\n\t\t<div class=\"uael-post__separator\"><\/div>\t\t\t<\/div>\n\t\t\t\n\t\t<\/div>\n\t\t\n\t<\/div>\n\n<\/div>\n\t\t\t\t<\/div>\n\t\t\t\t\t\t\n\t\t<\/div>\n\n\t\t\t\t\t\t<\/div>\n\t\t<div class=\"uael-post__footer\">\n\t\t\t\t\t<\/div>\n\t\t\t\t<\/div>\n\t\t\t\t<\/div>\n\t\t\t\t\t<\/div>\n\t\t<\/div>\n\t\t\t\t\t<\/div>\n\t\t<\/section>\n\t\t\t\t<\/div>\n\t\t","protected":false},"excerpt":{"rendered":"<p>Swim- &#038; Underwear Anekdot CORA happywear &#8211; von M\u00fcttern f\u00fcr M\u00fctter &#038; Kinder hessnatur Kaipara \u2013 Merino Sportswear LANIUS luna\u2019mi \u2013 from dusk till dawn Thokk Thokk VATTER<\/p>\n","protected":false},"author":2,"featured_media":0,"parent":0,"menu_order":0,"comment_status":"closed","ping_status":"closed","template":"","meta":{"_acf_changed":false,"footnotes":""},"acf":[],"yoast_head":"<!-- This site is optimized with the Yoast SEO plugin v22.6 - https:\/\/yoast.com\/wordpress\/plugins\/seo\/ -->\n<title>Swim- &amp; Underwear - GREENSTYLE<\/title>\n<meta name=\"robots\" content=\"index, follow, max-snippet:-1, max-image-preview:large, max-video-preview:-1\" \/>\n<link rel=\"canonical\" href=\"https:\/\/greenstyle-muc.com\/en\/swim-underwear\/\" \/>\n<meta property=\"og:locale\" content=\"en_US\" \/>\n<meta property=\"og:type\" content=\"article\" \/>\n<meta property=\"og:title\" content=\"Swim- &amp; Underwear - GREENSTYLE\" \/>\n<meta property=\"og:description\" content=\"Swim- &#038; Underwear Anekdot CORA happywear &#8211; von M\u00fcttern f\u00fcr M\u00fctter &#038; Kinder hessnatur Kaipara \u2013 Merino Sportswear LANIUS luna\u2019mi \u2013 from dusk till dawn Thokk Thokk VATTER\" \/>\n<meta property=\"og:url\" content=\"https:\/\/greenstyle-muc.com\/en\/swim-underwear\/\" \/>\n<meta property=\"og:site_name\" content=\"GREENSTYLE\" \/>\n<meta property=\"article:modified_time\" content=\"2020-11-04T13:28:14+00:00\" \/>\n<meta property=\"og:image\" content=\"https:\/\/greenstyle-muc.com\/wp-content\/uploads\/elementor\/thumbs\/Header-4-oo2pmwo1zk96jw1pim9as5oh87djx5h5iiu9broj44.jpg\" \/>\n<meta name=\"twitter:card\" content=\"summary_large_image\" \/>\n<script type=\"application\/ld+json\" class=\"yoast-schema-graph\">{\"@context\":\"https:\/\/schema.org\",\"@graph\":[{\"@type\":\"WebPage\",\"@id\":\"https:\/\/greenstyle-muc.com\/en\/swim-underwear\/\",\"url\":\"https:\/\/greenstyle-muc.com\/en\/swim-underwear\/\",\"name\":\"Swim- & Underwear - GREENSTYLE\",\"isPartOf\":{\"@id\":\"https:\/\/greenstyle-muc.com\/en\/#website\"},\"primaryImageOfPage\":{\"@id\":\"https:\/\/greenstyle-muc.com\/en\/swim-underwear\/#primaryimage\"},\"image\":{\"@id\":\"https:\/\/greenstyle-muc.com\/en\/swim-underwear\/#primaryimage\"},\"thumbnailUrl\":\"https:\/\/greenstyle-muc.com\/wp-content\/uploads\/elementor\/thumbs\/Header-4-oo2pmwo1zk96jw1pim9as5oh87djx5h5iiu9broj44.jpg\",\"datePublished\":\"2020-11-04T13:28:12+00:00\",\"dateModified\":\"2020-11-04T13:28:14+00:00\",\"breadcrumb\":{\"@id\":\"https:\/\/greenstyle-muc.com\/en\/swim-underwear\/#breadcrumb\"},\"inLanguage\":\"en-US\",\"potentialAction\":[{\"@type\":\"ReadAction\",\"target\":[\"https:\/\/greenstyle-muc.com\/en\/swim-underwear\/\"]}]},{\"@type\":\"ImageObject\",\"inLanguage\":\"en-US\",\"@id\":\"https:\/\/greenstyle-muc.com\/en\/swim-underwear\/#primaryimage\",\"url\":\"https:\/\/greenstyle-muc.com\/wp-content\/uploads\/elementor\/thumbs\/Header-4-oo2pmwo1zk96jw1pim9as5oh87djx5h5iiu9broj44.jpg\",\"contentUrl\":\"https:\/\/greenstyle-muc.com\/wp-content\/uploads\/elementor\/thumbs\/Header-4-oo2pmwo1zk96jw1pim9as5oh87djx5h5iiu9broj44.jpg\"},{\"@type\":\"BreadcrumbList\",\"@id\":\"https:\/\/greenstyle-muc.com\/en\/swim-underwear\/#breadcrumb\",\"itemListElement\":[{\"@type\":\"ListItem\",\"position\":1,\"name\":\"Home\",\"item\":\"https:\/\/greenstyle-muc.com\/en\/\"},{\"@type\":\"ListItem\",\"position\":2,\"name\":\"Swim- &#038; Underwear\"}]},{\"@type\":\"WebSite\",\"@id\":\"https:\/\/greenstyle-muc.com\/en\/#website\",\"url\":\"https:\/\/greenstyle-muc.com\/en\/\",\"name\":\"GREENSTYLE\",\"description\":\"News, People, Brands, Ideas, Interviews, Podcasts. For Makers, Game Changers, Community #bettertogether\",\"publisher\":{\"@id\":\"https:\/\/greenstyle-muc.com\/en\/#organization\"},\"potentialAction\":[{\"@type\":\"SearchAction\",\"target\":{\"@type\":\"EntryPoint\",\"urlTemplate\":\"https:\/\/greenstyle-muc.com\/en\/?s={search_term_string}\"},\"query-input\":\"required name=search_term_string\"}],\"inLanguage\":\"en-US\"},{\"@type\":\"Organization\",\"@id\":\"https:\/\/greenstyle-muc.com\/en\/#organization\",\"name\":\"GREENSTYLE MUC\",\"url\":\"https:\/\/greenstyle-muc.com\/en\/\",\"logo\":{\"@type\":\"ImageObject\",\"inLanguage\":\"en-US\",\"@id\":\"https:\/\/greenstyle-muc.com\/en\/#\/schema\/logo\/image\/\",\"url\":\"https:\/\/greenstyle-muc.com\/wp-content\/uploads\/2020\/05\/cropped-Greenstyle_Logo_GMUC_Favikon-1.jpg\",\"contentUrl\":\"https:\/\/greenstyle-muc.com\/wp-content\/uploads\/2020\/05\/cropped-Greenstyle_Logo_GMUC_Favikon-1.jpg\",\"width\":512,\"height\":512,\"caption\":\"GREENSTYLE MUC\"},\"image\":{\"@id\":\"https:\/\/greenstyle-muc.com\/en\/#\/schema\/logo\/image\/\"}}]}<\/script>\n<!-- \/ Yoast SEO plugin. -->","yoast_head_json":{"title":"Swim- & Underwear - GREENSTYLE","robots":{"index":"index","follow":"follow","max-snippet":"max-snippet:-1","max-image-preview":"max-image-preview:large","max-video-preview":"max-video-preview:-1"},"canonical":"https:\/\/greenstyle-muc.com\/en\/swim-underwear\/","og_locale":"en_US","og_type":"article","og_title":"Swim- & Underwear - GREENSTYLE","og_description":"Swim- &#038; Underwear Anekdot CORA happywear &#8211; von M\u00fcttern f\u00fcr M\u00fctter &#038; Kinder hessnatur Kaipara \u2013 Merino Sportswear LANIUS luna\u2019mi \u2013 from dusk till dawn Thokk Thokk VATTER","og_url":"https:\/\/greenstyle-muc.com\/en\/swim-underwear\/","og_site_name":"GREENSTYLE","article_modified_time":"2020-11-04T13:28:14+00:00","og_image":[{"url":"https:\/\/greenstyle-muc.com\/wp-content\/uploads\/elementor\/thumbs\/Header-4-oo2pmwo1zk96jw1pim9as5oh87djx5h5iiu9broj44.jpg"}],"twitter_card":"summary_large_image","schema":{"@context":"https:\/\/schema.org","@graph":[{"@type":"WebPage","@id":"https:\/\/greenstyle-muc.com\/en\/swim-underwear\/","url":"https:\/\/greenstyle-muc.com\/en\/swim-underwear\/","name":"Swim- & Underwear - GREENSTYLE","isPartOf":{"@id":"https:\/\/greenstyle-muc.com\/en\/#website"},"primaryImageOfPage":{"@id":"https:\/\/greenstyle-muc.com\/en\/swim-underwear\/#primaryimage"},"image":{"@id":"https:\/\/greenstyle-muc.com\/en\/swim-underwear\/#primaryimage"},"thumbnailUrl":"https:\/\/greenstyle-muc.com\/wp-content\/uploads\/elementor\/thumbs\/Header-4-oo2pmwo1zk96jw1pim9as5oh87djx5h5iiu9broj44.jpg","datePublished":"2020-11-04T13:28:12+00:00","dateModified":"2020-11-04T13:28:14+00:00","breadcrumb":{"@id":"https:\/\/greenstyle-muc.com\/en\/swim-underwear\/#breadcrumb"},"inLanguage":"en-US","potentialAction":[{"@type":"ReadAction","target":["https:\/\/greenstyle-muc.com\/en\/swim-underwear\/"]}]},{"@type":"ImageObject","inLanguage":"en-US","@id":"https:\/\/greenstyle-muc.com\/en\/swim-underwear\/#primaryimage","url":"https:\/\/greenstyle-muc.com\/wp-content\/uploads\/elementor\/thumbs\/Header-4-oo2pmwo1zk96jw1pim9as5oh87djx5h5iiu9broj44.jpg","contentUrl":"https:\/\/greenstyle-muc.com\/wp-content\/uploads\/elementor\/thumbs\/Header-4-oo2pmwo1zk96jw1pim9as5oh87djx5h5iiu9broj44.jpg"},{"@type":"BreadcrumbList","@id":"https:\/\/greenstyle-muc.com\/en\/swim-underwear\/#breadcrumb","itemListElement":[{"@type":"ListItem","position":1,"name":"Home","item":"https:\/\/greenstyle-muc.com\/en\/"},{"@type":"ListItem","position":2,"name":"Swim- &#038; Underwear"}]},{"@type":"WebSite","@id":"https:\/\/greenstyle-muc.com\/en\/#website","url":"https:\/\/greenstyle-muc.com\/en\/","name":"GREENSTYLE","description":"News, People, Brands, Ideas, Interviews, Podcasts. For Makers, Game Changers, Community #bettertogether","publisher":{"@id":"https:\/\/greenstyle-muc.com\/en\/#organization"},"potentialAction":[{"@type":"SearchAction","target":{"@type":"EntryPoint","urlTemplate":"https:\/\/greenstyle-muc.com\/en\/?s={search_term_string}"},"query-input":"required name=search_term_string"}],"inLanguage":"en-US"},{"@type":"Organization","@id":"https:\/\/greenstyle-muc.com\/en\/#organization","name":"GREENSTYLE MUC","url":"https:\/\/greenstyle-muc.com\/en\/","logo":{"@type":"ImageObject","inLanguage":"en-US","@id":"https:\/\/greenstyle-muc.com\/en\/#\/schema\/logo\/image\/","url":"https:\/\/greenstyle-muc.com\/wp-content\/uploads\/2020\/05\/cropped-Greenstyle_Logo_GMUC_Favikon-1.jpg","contentUrl":"https:\/\/greenstyle-muc.com\/wp-content\/uploads\/2020\/05\/cropped-Greenstyle_Logo_GMUC_Favikon-1.jpg","width":512,"height":512,"caption":"GREENSTYLE MUC"},"image":{"@id":"https:\/\/greenstyle-muc.com\/en\/#\/schema\/logo\/image\/"}}]}},"_links":{"self":[{"href":"https:\/\/greenstyle-muc.com\/en\/wp-json\/wp\/v2\/pages\/15032"}],"collection":[{"href":"https:\/\/greenstyle-muc.com\/en\/wp-json\/wp\/v2\/pages"}],"about":[{"href":"https:\/\/greenstyle-muc.com\/en\/wp-json\/wp\/v2\/types\/page"}],"author":[{"embeddable":true,"href":"https:\/\/greenstyle-muc.com\/en\/wp-json\/wp\/v2\/users\/2"}],"replies":[{"embeddable":true,"href":"https:\/\/greenstyle-muc.com\/en\/wp-json\/wp\/v2\/comments?post=15032"}],"version-history":[{"count":1,"href":"https:\/\/greenstyle-muc.com\/en\/wp-json\/wp\/v2\/pages\/15032\/revisions"}],"predecessor-version":[{"id":15033,"href":"https:\/\/greenstyle-muc.com\/en\/wp-json\/wp\/v2\/pages\/15032\/revisions\/15033"}],"wp:attachment":[{"href":"https:\/\/greenstyle-muc.com\/en\/wp-json\/wp\/v2\/media?parent=15032"}],"curies":[{"name":"wp","href":"https:\/\/api.w.org\/{rel}","templated":true}]}}